{"id":6538,"date":"2020-05-07T14:09:41","date_gmt":"2020-05-07T13:09:41","guid":{"rendered":"http:\/\/skiinginkamchatka.com\/?page_id=6538"},"modified":"2021-05-24T14:03:26","modified_gmt":"2021-05-24T13:03:26","slug":"skitouring","status":"publish","type":"page","link":"http:\/\/skiinginkamchatka.com\/de\/skitouring\/","title":{"rendered":"Skitouren"},"content":{"rendered":"<div id=\"pl-6538\"  class=\"panel-layout\" ><div id=\"pg-6538-0\"  class=\"panel-grid panel-no-style\" ><div id=\"pgc-6538-0-0\"  class=\"panel-grid-cell\" ><div id=\"panel-6538-0-0-0\" class=\"so-panel widget widget_black-studio-tinymce widget_black_studio_tinymce panel-first-child panel-last-child\" data-index=\"0\" ><div class=\"textwidget\"><h3 class=\"widget-title\">Individuelle Programme<\/h3>\n<p>Alle unsere Programme k\u00f6nnen gem\u00e4\u00df Deinen W\u00fcnschen und F\u00e4higkeiten ma\u00dfgeschneidert und individualisiert werden. Dank unserer Erfahrung sowie Kenntnissen \u00fcber die Halbinsel Kamtschatka k\u00f6nnen wir eine Reise oder Expedition in jede Bergkette Kamtschatkas im Zeitraum von M\u00e4rz bis Juli organisieren. Frage uns einfach nach dem Teil Kamtschatkas, welchen Du gerne besuchen m\u00f6chtest, und wir werden Deine Tr\u00e4ume in Erf\u00fcllung gehen lassen.<\/p>\n<\/div><\/div><\/div><\/div><div id=\"pg-6538-1\"  class=\"panel-grid panel-no-style\" ><div id=\"pgc-6538-1-0\"  class=\"panel-grid-cell\" ><div id=\"panel-6538-1-0-0\" class=\"so-panel widget widget_black-studio-tinymce widget_black_studio_tinymce panel-first-child\" data-index=\"1\" ><h3 class=\"widget-title\">Skitouren- und Expeditionsprogramme, Winter-Fr\u00fchling 2022:<\/h3><div class=\"textwidget\"><\/div><\/div><div id=\"panel-6538-1-0-1\" class=\"so-panel widget widget_virtue_split_content_widget virtue_split_content_widget\" data-index=\"2\" >\t<!-- Image Split -->\n\t<div class=\"kt-image-slit\" id=\"kt-image-split-widget-1-0-1\">\n\t  <div class=\"row\">\n\t    <div class=\"col-sm-6 kt-si-imagecol img-ktsi-left kt-animate-fade-in-right\" style=\"background-image:url(http:\/\/skiinginkamchatka.com\/wp-content\/uploads\/2015\/08\/kamchatka_ganalsky_range_01.jpg); background-size:cover; background-position: center center; min-height:175px;\">\n\t      <div class=\"kt-si-table-box\" style=\"height:350px\">\n\t      \t<div class=\"kt-si-cell-box\">\n\t      \t\t<a href=\"http:\/\/skiinginkamchatka.com\/de\/skitouring\/volcanoes-and-birch-trees\/\" target=\"_self\" class=\"kt-si-image-link\"><div class=\"kt-si-image kt-si-cover-image\" style=\"max-height:350px;\"><\/div><\/a>\t        <\/div>\n\t      <\/div>\n\t     <\/div>\n\t     <div class=\"col-sm-6 kt-si-imagecol content-ktsi-left kt-animate-fade-in-left\" >\n\t      <div class=\"kt-si-table-box\" style=\"height:350px\">\n\t      \t<div class=\"kt-si-cell-box\" style=\"  \">\n \t\t\t\t<h2 class=\"kt_imgsplit_title\" style=\"\">Vulkane und Birken<\/h2><div class=\"kt_imgsplit_content\" style=\"\"><p>Skitouren auf den Vulkanen Awatschinski und Korjakski sowie im Tal Paratunka.<br \/>\nDieses Programm ist eine gute Mischung aus Skitouren auf Vulkanen und Skifahren im Pulverschnee zwischen Birken. Wir starten am Awatschinskij-Pass, \u00fcbernachten in einer Bergh\u00fctte und gehen Skitouren auf den H\u00e4ngen der Vulkane Awatschinski und Korjakski. Nach drei Tagen Skifahren auf dem Pass fahren wir Richtung S\u00fcden, in das Tal des Flusses Paratunka, wo wir zwei Tage verbringen, Skifahren im Pulverschnee zwischen Birkenb\u00e4umen genie\u00dfen sowie uns danach in den hei\u00dfen Quellen entspannen. Die t\u00e4glichen Skitouren sind technisch und konditionell nicht anspruchsvoll, bieten aber interessantes Skifahren entlang der Baumgrenze mit atemberaubenden Landschaften.<\/p>\n<p>Daten: M\u00e4rz 06-13, M\u00e4rz 13-20, M\u00e4rz 20-27, M\u00e4rz 27 - April 03, April 03-10. <\/p>\n<\/div><a href=\"http:\/\/skiinginkamchatka.com\/de\/skitouring\/volcanoes-and-birch-trees\/\" target=\"_self\" class=\"kt_imgsplit_btn kad-btn kad-btn-primary\">Auf geht\u2019s!<\/a>\t        <\/div>\n\t      <\/div>\n\t     <\/div>\n\t  <\/div>\n\t<\/div>\n\n\t<\/div><div id=\"panel-6538-1-0-2\" class=\"so-panel widget widget_virtue_split_content_widget virtue_split_content_widget\" data-index=\"3\" >\t<!-- Image Split -->\n\t<div class=\"kt-image-slit\" id=\"kt-image-split-widget-1-0-2\">\n\t  <div class=\"row\">\n\t    <div class=\"col-sm-6 kt-si-imagecol img-ktsi-right kt-animate-fade-in-left\" style=\"background-image:url(http:\/\/skiinginkamchatka.com\/wp-content\/uploads\/2015\/06\/kamchatka_ganalsky_range_17-1.jpg); background-size:cover; background-position: center center; min-height:175px;\">\n\t      <div class=\"kt-si-table-box\" style=\"height:350px\">\n\t      \t<div class=\"kt-si-cell-box\">\n\t      \t\t<a href=\"http:\/\/skiinginkamchatka.com\/de\/skitouring\/ganalsky\/\" target=\"_self\" class=\"kt-si-image-link\"><div class=\"kt-si-image kt-si-cover-image\" style=\"max-height:350px;\"><\/div><\/a>\t        <\/div>\n\t      <\/div>\n\t     <\/div>\n\t     <div class=\"col-sm-6 kt-si-imagecol content-ktsi-right kt-animate-fade-in-right\" >\n\t      <div class=\"kt-si-table-box\" style=\"height:350px\">\n\t      \t<div class=\"kt-si-cell-box\" style=\"  \">\n \t\t\t\t<h2 class=\"kt_imgsplit_title\" style=\"\">Ganalskij Gebirge und Zwei Vulkane<\/h2><div class=\"kt_imgsplit_content\" style=\"\"><p>Das Ganalskij Gebirge liegt 100km von Petropawlowsk entfernt, relativ nah zur Stra\u00dfe. Es zieht sich \u00fcber 80km L\u00e4nge und hat eine Breite von ca. 20km. Seine durchschnittliche H\u00f6he betr\u00e4gt 1500-1750 Meter und einige Gipfel erreichen bis zu 2000 H\u00f6henmeter. Dieses Gebirge bietet ein super interessantes Gel\u00e4nde sowohl f\u00fcr Skitouren und Skibergsteigen als auch f\u00fcr perfektes Skifahren im Pulverschnee unterhalb der Baumgrenze. Steile, scharfe Felsrinnen und atemberaubende Gipfel sind das Markenzeichen dieses Ortes. Viele Skispuren und H\u00e4nge wurden noch nicht befahren und warten auf Dich. Es gibt nur wenige T\u00e4ler, in denen wir Backcountry Skicamps anbieten. Im zweiten Teil des Programmes bleiben wir in einer Bergh\u00fctte auf dem Awatschinkij Pass und gehen Skitouren auf den H\u00e4ngen von den Vulkanen Awatschinski und Korjakski.<\/p>\n<p>Daten: April 03-14, April 10-21, April 17-28, April 24 - Mai 05. <\/p>\n<\/div><a href=\"http:\/\/skiinginkamchatka.com\/de\/skitouring\/ganalsky\/\" target=\"_self\" class=\"kt_imgsplit_btn kad-btn kad-btn-primary\">Auf geht\u2019s!<\/a>\t        <\/div>\n\t      <\/div>\n\t     <\/div>\n\t  <\/div>\n\t<\/div>\n\n\t<\/div><div id=\"panel-6538-1-0-3\" class=\"so-panel widget widget_virtue_split_content_widget virtue_split_content_widget\" data-index=\"4\" >\t<!-- Image Split -->\n\t<div class=\"kt-image-slit\" id=\"kt-image-split-widget-1-0-3\">\n\t  <div class=\"row\">\n\t    <div class=\"col-sm-6 kt-si-imagecol img-ktsi-left kt-animate-fade-in-right\" style=\"background-image:url(http:\/\/skiinginkamchatka.com\/wp-content\/uploads\/2015\/06\/kamchatka_north_volcanoes_07.jpg); background-size:cover; background-position: center center; min-height:175px;\">\n\t      <div class=\"kt-si-table-box\" style=\"height:350px\">\n\t      \t<div class=\"kt-si-cell-box\">\n\t      \t\t<a href=\"http:\/\/skiinginkamchatka.com\/de\/skitouring\/two_volcanoes\/\" target=\"_self\" class=\"kt-si-image-link\"><div class=\"kt-si-image kt-si-cover-image\" style=\"max-height:350px;\"><\/div><\/a>\t        <\/div>\n\t      <\/div>\n\t     <\/div>\n\t     <div class=\"col-sm-6 kt-si-imagecol content-ktsi-left kt-animate-fade-in-left\" >\n\t      <div class=\"kt-si-table-box\" style=\"height:350px\">\n\t      \t<div class=\"kt-si-cell-box\" style=\"  \">\n \t\t\t\t<h2 class=\"kt_imgsplit_title\" style=\"\">Zwei Vulkane<\/h2><div class=\"kt_imgsplit_content\" style=\"\"><p>Skitouren auf den Vulkanen Koselski und Wiljutschinski.<br \/>\nDies ist unser klassisches Skitouren Programm. Wenn Du das erste Mal in Kamtschatka bist und Skifahren h\u00f6chster Qualit\u00e4t suchst mit atemberaubenden Aussichten und auch kulturellen Erfahrungen, dann ist dieses Programm die beste Wahl. Die Schwierigkeit der physischen und technischen Anforderungen liegt im moderaten Level und ist daher f\u00fcr durchschnittliche und fortgeschrittene Skifahrer\/Snowboarder mit Skitouren\/Splitboard Erfahrungen geeignet.<\/p>\n<p>Daten: Mai 01-08.<\/p>\n<\/div><a href=\"http:\/\/skiinginkamchatka.com\/de\/skitouring\/two_volcanoes\/\" target=\"_self\" class=\"kt_imgsplit_btn kad-btn kad-btn-primary\">Auf geht\u2019s!<\/a>\t        <\/div>\n\t      <\/div>\n\t     <\/div>\n\t  <\/div>\n\t<\/div>\n\n\t<\/div><div id=\"panel-6538-1-0-4\" class=\"so-panel widget widget_virtue_split_content_widget virtue_split_content_widget\" data-index=\"5\" >\t<!-- Image Split -->\n\t<div class=\"kt-image-slit\" id=\"kt-image-split-widget-1-0-4\">\n\t  <div class=\"row\">\n\t    <div class=\"col-sm-6 kt-si-imagecol img-ktsi-right kt-animate-fade-in-left\" style=\"background-image:url(http:\/\/skiinginkamchatka.com\/wp-content\/uploads\/2016\/08\/kamchatka_north_volcanoes_21.jpg); background-size:cover; background-position: center center; min-height:175px;\">\n\t      <div class=\"kt-si-table-box\" style=\"height:350px\">\n\t      \t<div class=\"kt-si-cell-box\">\n\t      \t\t<a href=\"http:\/\/skiinginkamchatka.com\/de\/skitouring\/three_volcanoes\/\" target=\"_self\" class=\"kt-si-image-link\"><div class=\"kt-si-image kt-si-cover-image\" style=\"max-height:350px;\"><\/div><\/a>\t        <\/div>\n\t      <\/div>\n\t     <\/div>\n\t     <div class=\"col-sm-6 kt-si-imagecol content-ktsi-right kt-animate-fade-in-right\" >\n\t      <div class=\"kt-si-table-box\" style=\"height:350px\">\n\t      \t<div class=\"kt-si-cell-box\" style=\"  \">\n \t\t\t\t<h2 class=\"kt_imgsplit_title\" style=\"\">Drei Vulkane<\/h2><div class=\"kt_imgsplit_content\" style=\"\"><p>Ein weiteres klassisches Kamtschatka Skitour Programm. Es \u00e4hnelt dem Programm \u201eZwei Vulkane\u201c, bietet aber denjenigen mehr Komfort, die nicht am Zelten interessiert sind. Wenn Du das erste Mal in Kamtschatka bist und Skifahren h\u00f6chster Qualit\u00e4t suchst mit atemberaubenden Aussichten und auch kulturellen Erfahrungen, dann ist dieses Programm die beste Wahl. Die Schwierigkeit der physischen und technischen Anforderungen liegt im moderaten Level und ist daher f\u00fcr durchschnittliche und fortgeschrittene Skifahrer\/Snowboarder mit Skitouren\/Splitboard Erfahrungen geeignet. <\/p>\n<p>Daten: April 24 - Mai 01, Mai 01-08, Mai 08-15, Mai 15-22, Mai 22-29.<\/p>\n<\/div><a href=\"http:\/\/skiinginkamchatka.com\/de\/skitouring\/three_volcanoes\/\" target=\"_self\" class=\"kt_imgsplit_btn kad-btn kad-btn-primary\">Auf geht\u2019s!<\/a>\t        <\/div>\n\t      <\/div>\n\t     <\/div>\n\t  <\/div>\n\t<\/div>\n\n\t<\/div><div id=\"panel-6538-1-0-5\" class=\"so-panel widget widget_virtue_split_content_widget virtue_split_content_widget\" data-index=\"6\" >\t<!-- Image Split -->\n\t<div class=\"kt-image-slit\" id=\"kt-image-split-widget-1-0-5\">\n\t  <div class=\"row\">\n\t    <div class=\"col-sm-6 kt-si-imagecol img-ktsi-left kt-animate-fade-in-right\" style=\"background-image:url(http:\/\/skiinginkamchatka.com\/wp-content\/uploads\/2018\/06\/kamchatka_skitouring_10.jpg); background-size:cover; background-position: center center; min-height:175px;\">\n\t      <div class=\"kt-si-table-box\" style=\"height:350px\">\n\t      \t<div class=\"kt-si-cell-box\">\n\t      \t\t<a href=\"http:\/\/skiinginkamchatka.com\/de\/skitouring\/five_volcanoes\/\" target=\"_self\" class=\"kt-si-image-link\"><div class=\"kt-si-image kt-si-cover-image\" style=\"max-height:350px;\"><\/div><\/a>\t        <\/div>\n\t      <\/div>\n\t     <\/div>\n\t     <div class=\"col-sm-6 kt-si-imagecol content-ktsi-left kt-animate-fade-in-left\" >\n\t      <div class=\"kt-si-table-box\" style=\"height:350px\">\n\t      \t<div class=\"kt-si-cell-box\" style=\"  \">\n \t\t\t\t<h2 class=\"kt_imgsplit_title\" style=\"\">F\u00fcnf Vulkane<\/h2><div class=\"kt_imgsplit_content\" style=\"\"><p>Unser Komplettprogramm f\u00fcr diejenigen, die Zeit haben und so viele Vulkane sehen und befahren wollen wie m\u00f6glich. Skitouren auf f\u00fcnf Vulkanen, eine Vielzahl an vulkanischen Aktivit\u00e4ten, atemberaubende Landschaften und exzellentes Skifahren!<\/p>\n<p>Daten: April 24 - Mai 03, Mai 01-10, Mai 08-17, Mai 15-24.<\/p>\n<\/div><a href=\"http:\/\/skiinginkamchatka.com\/de\/skitouring\/five_volcanoes\/\" target=\"_self\" class=\"kt_imgsplit_btn kad-btn kad-btn-primary\">Auf geht\u2019s!<\/a>\t        <\/div>\n\t      <\/div>\n\t     <\/div>\n\t  <\/div>\n\t<\/div>\n\n\t<\/div><div id=\"panel-6538-1-0-6\" class=\"so-panel widget widget_virtue_split_content_widget virtue_split_content_widget\" data-index=\"7\" >\t<!-- Image Split -->\n\t<div class=\"kt-image-slit\" id=\"kt-image-split-widget-1-0-6\">\n\t  <div class=\"row\">\n\t    <div class=\"col-sm-6 kt-si-imagecol img-ktsi-right kt-animate-fade-in-left\" style=\"background-image:url(http:\/\/skiinginkamchatka.com\/wp-content\/uploads\/2015\/06\/kamchatka_north_volcanoes_17.jpg); background-size:cover; background-position: center center; min-height:175px;\">\n\t      <div class=\"kt-si-table-box\" style=\"height:350px\">\n\t      \t<div class=\"kt-si-cell-box\">\n\t      \t\t<a href=\"http:\/\/skiinginkamchatka.com\/de\/skitouring\/koryaksky\/\" target=\"_self\" class=\"kt-si-image-link\"><div class=\"kt-si-image kt-si-cover-image\" style=\"max-height:350px;\"><\/div><\/a>\t        <\/div>\n\t      <\/div>\n\t     <\/div>\n\t     <div class=\"col-sm-6 kt-si-imagecol content-ktsi-right kt-animate-fade-in-right\" >\n\t      <div class=\"kt-si-table-box\" style=\"height:350px\">\n\t      \t<div class=\"kt-si-cell-box\" style=\"  \">\n \t\t\t\t<h2 class=\"kt_imgsplit_title\" style=\"\">Korjakski Vulkan<\/h2><div class=\"kt_imgsplit_content\" style=\"\"><p>Dieser riesige und wundersch\u00f6ne Vulkan begr\u00fc\u00dft Dich am Flughafen von Petropawlowsk. Du siehst diesen erstaunlichen, trapezf\u00f6rmigen Krater sofort beim Aussteigen aus dem Flugzeug. Dieser Stratovulkan ist mit seinen 3456m H\u00f6he ein sagenhafter Ort zum Skibergsteigen: Dutzende Felsrinnen und Abfahrten f\u00fchren von der Spitze nach unten und bieten Dir unz\u00e4hlige M\u00f6glichkeiten, die Abfahrtl\u00e4nge betr\u00e4gt bis zu 2700m.<\/p>\n<p>Daten: Dieses Abenteuer bieten wir auf Nachfrage als individuelles Programm f\u00fcr private Gruppen an.  <\/p>\n<\/div><a href=\"http:\/\/skiinginkamchatka.com\/de\/skitouring\/koryaksky\/\" target=\"_self\" class=\"kt_imgsplit_btn kad-btn kad-btn-primary\">Auf geht\u2019s!<\/a>\t        <\/div>\n\t      <\/div>\n\t     <\/div>\n\t  <\/div>\n\t<\/div>\n\n\t<\/div><div id=\"panel-6538-1-0-7\" class=\"so-panel widget widget_virtue_split_content_widget virtue_split_content_widget panel-last-child\" data-index=\"8\" >\t<!-- Image Split -->\n\t<div class=\"kt-image-slit\" id=\"kt-image-split-widget-1-0-7\">\n\t  <div class=\"row\">\n\t    <div class=\"col-sm-6 kt-si-imagecol img-ktsi-left kt-animate-fade-in-right\" style=\"background-image:url(http:\/\/skiinginkamchatka.com\/wp-content\/uploads\/2015\/06\/kamchatka_summer_skiing_10.jpg); background-size:cover; background-position: center center; min-height:175px;\">\n\t      <div class=\"kt-si-table-box\" style=\"height:350px\">\n\t      \t<div class=\"kt-si-cell-box\">\n\t      \t\t<a href=\"http:\/\/skiinginkamchatka.com\/de\/skitouring\/summer_two_volcanoes\/\" target=\"_self\" class=\"kt-si-image-link\"><div class=\"kt-si-image kt-si-cover-image\" style=\"max-height:350px;\"><\/div><\/a>\t        <\/div>\n\t      <\/div>\n\t     <\/div>\n\t     <div class=\"col-sm-6 kt-si-imagecol content-ktsi-left kt-animate-fade-in-left\" >\n\t      <div class=\"kt-si-table-box\" style=\"height:350px\">\n\t      \t<div class=\"kt-si-cell-box\" style=\"  \">\n \t\t\t\t<h2 class=\"kt_imgsplit_title\" style=\"\">Sommer Skifahren auf Vulkanen<\/h2><div class=\"kt_imgsplit_content\" style=\"\"><p>Skifahren im Sommer in der n\u00f6rdlichen Hemisph\u00e4re? Absolut! Kamtschatka ist eine der verschneitesten Orte der Welt, am Ende des Winters (z.B. Ende Mai) gibt es an einigen Pl\u00e4tzen noch 5-6m Schnee. Mit einer durchschnittlichen Tiefe von 2-3m Schnee auf einer H\u00f6he von 300-500m bietet Kamtschatka perfekte Bedingungen f\u00fcr K\u00f6rnerschnee bis Mitte Juli \u2013 ein cooler Start in den Sommer. In diesem Programm fahren wir auf zwei bis drei Vulkanen Ski und genie\u00dfen die Landschaft der K\u00fcste des Pazifischen Ozeans. <\/p>\n<p>Daten: Mai 29 - Juni 05, Juni 05-12.   <\/p>\n<\/div><a href=\"http:\/\/skiinginkamchatka.com\/de\/skitouring\/summer_two_volcanoes\/\" target=\"_self\" class=\"kt_imgsplit_btn kad-btn kad-btn-primary\">Auf geht\u2019s!<\/a>\t        <\/div>\n\t      <\/div>\n\t     <\/div>\n\t  <\/div>\n\t<\/div>\n\n\t<\/div><\/div><\/div><div id=\"pg-6538-2\"  class=\"panel-grid panel-no-style\" ><div id=\"pgc-6538-2-0\"  class=\"panel-grid-cell\" ><div id=\"panel-6538-2-0-0\" class=\"so-panel widget widget_black-studio-tinymce widget_black_studio_tinymce panel-first-child\" data-index=\"9\" ><div class=\"textwidget\"><hr \/>\n<p>&nbsp;<\/p>\n<\/div><\/div><div id=\"panel-6538-2-0-1\" class=\"so-panel widget widget_black-studio-tinymce widget_black_studio_tinymce panel-last-child\" data-index=\"10\" ><h3 class=\"widget-title\">Zusammenarbeit mit Gastbergf\u00fchrern<\/h3><div class=\"textwidget\"><p>Wenn Du ein Berg- oder Skif\u00fchrer bist und mit Deiner eigenen Gruppe Kamtschatka besuchen m\u00f6chtest, w\u00fcrden wir uns sehr auf eine Zusammenarbeit freuen, um Deinen Kunden das bestm\u00f6gliche Ski\/Splitboard Erlebnis zu erm\u00f6glichen. Unsere Bergf\u00fchrer sind stark mit der Halbinsel Kamtschatka vertraut, was Deinen Kunden eine unvergessliche Reise garantiert. Wir w\u00fcrden uns freuen die Reise zu organisieren und bieten Dir Logistik, Unterkunft, Karten und vieles Weiteres an. Du kannst zwischen unseren Standardprogrammen ausw\u00e4hlen oder Deine eigene Tour zusammenstellen. <a href=\"http:\/\/skiinginkamchatka.com\/de\/contact\/\">Nimm Kontakt mit uns auf<\/a>, um mehr zu erfahren.<\/p>\n<\/div><\/div><\/div><\/div><\/div>","protected":false},"excerpt":{"rendered":"<p>Individuelle Programme Alle unsere Programme k\u00f6nnen gem\u00e4\u00df Deinen W\u00fcnschen und F\u00e4higkeiten ma\u00dfgeschneidert und individualisiert werden. Dank unserer Erfahrung sowie Kenntnissen \u00fcber die Halbinsel Kamtschatka k\u00f6nnen wir eine Reise oder Expedition in jede Bergkette Kamtschatkas im Zeitraum von M\u00e4rz bis Juli &hellip; <a class=\"kt-excerpt-readmore\" href=\"http:\/\/skiinginkamchatka.com\/de\/skitouring\/\" aria-label=\"Skitouren\">Weiterlesen<\/a><\/p>\n","protected":false},"author":2,"featured_media":0,"parent":0,"menu_order":1,"comment_status":"closed","ping_status":"closed","template":"page-fullwidth.php","meta":[],"tags":[],"_links":{"self":[{"href":"http:\/\/skiinginkamchatka.com\/de\/wp-json\/wp\/v2\/pages\/6538"}],"collection":[{"href":"http:\/\/skiinginkamchatka.com\/de\/wp-json\/wp\/v2\/pages"}],"about":[{"href":"http:\/\/skiinginkamchatka.com\/de\/wp-json\/wp\/v2\/types\/page"}],"author":[{"embeddable":true,"href":"http:\/\/skiinginkamchatka.com\/de\/wp-json\/wp\/v2\/users\/2"}],"replies":[{"embeddable":true,"href":"http:\/\/skiinginkamchatka.com\/de\/wp-json\/wp\/v2\/comments?post=6538"}],"version-history":[{"count":44,"href":"http:\/\/skiinginkamchatka.com\/de\/wp-json\/wp\/v2\/pages\/6538\/revisions"}],"predecessor-version":[{"id":9345,"href":"http:\/\/skiinginkamchatka.com\/de\/wp-json\/wp\/v2\/pages\/6538\/revisions\/9345"}],"wp:attachment":[{"href":"http:\/\/skiinginkamchatka.com\/de\/wp-json\/wp\/v2\/media?parent=6538"}],"wp:term":[{"taxonomy":"post_tag","embeddable":true,"href":"http:\/\/skiinginkamchatka.com\/de\/wp-json\/wp\/v2\/tags?post=6538"}],"curies":[{"name":"wp","href":"https:\/\/api.w.org\/{rel}","templated":true}]}}