{"id":6775,"date":"2020-05-14T14:08:22","date_gmt":"2020-05-14T13:08:22","guid":{"rendered":"http:\/\/skiinginkamchatka.com\/?page_id=6775"},"modified":"2020-06-11T10:47:59","modified_gmt":"2020-06-11T09:47:59","slug":"welcome-to-kamchatka","status":"publish","type":"page","link":"http:\/\/skiinginkamchatka.com\/de\/kamchatka\/welcome-to-kamchatka\/","title":{"rendered":"Willkommen in Kamtschatka"},"content":{"rendered":"<div id=\"pl-6775\"  class=\"panel-layout\" ><div id=\"pg-6775-0\"  class=\"panel-grid panel-no-style\" ><div id=\"pgc-6775-0-0\"  class=\"panel-grid-cell\" ><div id=\"panel-6775-0-0-0\" class=\"so-panel widget widget_black-studio-tinymce widget_black_studio_tinymce panel-first-child panel-last-child\" data-index=\"0\" ><div class=\"textwidget\"><p>Wenn Du Deinen Blick Richtung Osten von Russland richtest, wird Dir sicherlich eine gro\u00dfe Halbinsel auffallen, dem Aussehen nach einem Fisch sehr \u00e4hnlich. Und in der Tat ist Kamtschatka einer der weltgr\u00f6\u00dften Laichpl\u00e4tze f\u00fcr den Pazifischen Wildlachs. Die Gew\u00e4sser rund um der Halbinsel sind reich an sowohl Heilbutt, Flunder, Riesenkrabben und jeder Menge gut verk\u00e4uflicher Fischerarten, als auch der Kamtschatka K\u00f6nigskrabbe und Kalmaren. Es wundert nicht, dass die Fischerei die Schwerpunktindustrie von Kamtschatka darstellt.<\/p>\n<p>Aber lass uns nicht weiter mit Fisch besch\u00e4ftigen, sondern unsere Aufmerksamkeit mehr auf das Land selbst lenken. Wir werden sehen, dass Zweidrittel der Halbinsel aus Bergregionen bestehen, durchzogen mit dutzenden, verstreuten Vulkankratern. Von November bis Juli sind diese Berge und Vulkane von mehreren Metern Schnee bedeckt.<\/p>\n<p>Die Halbinsel umfasst 472.000 Quadratkilometer und ist daher gr\u00f6\u00dfer als viele Europ\u00e4ische L\u00e4nder, z.B. Italien oder Deutschland. Ber\u00fccksichtigen sollten wir aber auch, dass nur 300.000 Einwohner in Kamtschatka leben, davon 75% verteilt in drei St\u00e4dte \u2013 Petropawlowsk-Kamtschatskij, Jelisowo und Wiljutschinsk. Der Rest des Territoriums ist nur sp\u00e4rlich besiedeltes und absolut wildes Bergland.<\/p>\n<p>Dem zentralen Teil der Halbinsel entlang befindet sich die Sredinnij Bergregion, 1.200km lang und 120km breit. Im \u00f6stlichen Teil der Halbinsel liegt der \u201e\u00d6stliche H\u00f6henzug\u201c, 800km lang und bis zu 100km breit. All diese Berge sind vulkanischen Ursprungs, durch die Natur in hunderten von tausenden Jahren erschaffen. Aber der Vulkanismus existiert immer noch auf der Halbinsel: es gibt ca. 300 Vulkane in Kamtschatka, davon sind 30 aktiv. Die Vulkane von Kamtschatka sind offiziell als Teil des <a href=\"http:\/\/whc.unesco.org\/en\/list\/765\" target=\"_blank\" rel=\"noopener\">UNESCO Weltkulturerbes<\/a> anerkannt und werden als \u201eeines der herausragendensten vulkanischen Gebiete der Welt\u201c bezeichnet. Dies beinhaltet auch den Vulkan Klutschewskaja Sopka, mit 4.835 Metern H\u00f6he der h\u00f6chste, aktive Vulkan Eurasiens und wahrscheinlich der n\u00f6rdlichen Hemisph\u00e4re.<\/p>\n<p>Kamtschatka ist gleichzeitig die am st\u00e4rksten vergletscherte Region von Nord-Ost Asien, mit einer Gletscherfl\u00e4che von mehr als 900 Quadratkilometern. Deshalb ist Kamtschatka auch als \u201eLand des Feuers und Eises\u201c bekannt.<\/p>\n<p>Berge und Vulkane sind jedoch nicht die einzigen Attraktionen von Kamtschatka. Wir finden auch eine reichhaltige Flora und Fauna vor, unter anderem das \u201eTal der Geysire\u201c, hei\u00dfe Mineralquellen, die atemberaubende Pazifikk\u00fcste, die Kultur der Ureinwohner, die Geschichte von Kamtschatka und dem russischen Amerika. Bei einem Besuch von Kamtschatka findet jeder Gast etwas f\u00fcr ihn Interessantes und Einzigartiges.<\/p>\n<p>Willkommen in Kamtschatka, Land des Feuers, Eises, erstaunlicher Landschaften und unvergesslichen Skiabenteuern!<\/p>\n<\/div><\/div><\/div><\/div><div id=\"pg-6775-1\"  class=\"panel-grid panel-no-style\" ><div id=\"pgc-6775-1-0\"  class=\"panel-grid-cell\" ><div id=\"panel-6775-1-0-0\" class=\"so-panel widget widget_sow-image panel-first-child panel-last-child\" data-index=\"1\" ><div class=\"so-widget-sow-image so-widget-sow-image-default-d6014b76747a\">\n\n<div class=\"sow-image-container\">\n\t<img src=\"http:\/\/skiinginkamchatka.com\/wp-content\/uploads\/2015\/06\/kamchatka_scenery_041.jpg\" width=\"600\" height=\"400\" srcset=\"http:\/\/skiinginkamchatka.com\/wp-content\/uploads\/2015\/06\/kamchatka_scenery_041.jpg 600w, http:\/\/skiinginkamchatka.com\/wp-content\/uploads\/2015\/06\/kamchatka_scenery_041-300x200.jpg 300w, http:\/\/skiinginkamchatka.com\/wp-content\/uploads\/2015\/06\/kamchatka_scenery_041-272x182.jpg 272w\" sizes=\"(max-width: 600px) 100vw, 600px\" alt=\"\" \t\tclass=\"so-widget-image\"\/>\n<\/div>\n\n<\/div><\/div><\/div><div id=\"pgc-6775-1-1\"  class=\"panel-grid-cell\" ><div id=\"panel-6775-1-1-0\" class=\"so-panel widget widget_sow-image panel-first-child panel-last-child\" data-index=\"2\" ><div class=\"so-widget-sow-image so-widget-sow-image-default-d6014b76747a\">\n\n<div class=\"sow-image-container\">\n\t<img src=\"http:\/\/skiinginkamchatka.com\/wp-content\/uploads\/2015\/06\/kamchatka_skiing_023.jpg\" width=\"600\" height=\"400\" srcset=\"http:\/\/skiinginkamchatka.com\/wp-content\/uploads\/2015\/06\/kamchatka_skiing_023.jpg 600w, http:\/\/skiinginkamchatka.com\/wp-content\/uploads\/2015\/06\/kamchatka_skiing_023-300x200.jpg 300w, http:\/\/skiinginkamchatka.com\/wp-content\/uploads\/2015\/06\/kamchatka_skiing_023-272x182.jpg 272w\" sizes=\"(max-width: 600px) 100vw, 600px\" alt=\"\" \t\tclass=\"so-widget-image\"\/>\n<\/div>\n\n<\/div><\/div><\/div><\/div><div id=\"pg-6775-2\"  class=\"panel-grid panel-no-style\" ><div id=\"pgc-6775-2-0\"  class=\"panel-grid-cell\" ><div id=\"panel-6775-2-0-0\" class=\"so-panel widget widget_sow-image panel-first-child panel-last-child\" data-index=\"3\" ><div class=\"so-widget-sow-image so-widget-sow-image-default-17bc2272b535\">\n\n<div class=\"sow-image-container\">\n\t<img src=\"http:\/\/skiinginkamchatka.com\/wp-content\/uploads\/2015\/06\/kamchatka_scenery_003.jpg\" width=\"1024\" height=\"683\" srcset=\"http:\/\/skiinginkamchatka.com\/wp-content\/uploads\/2015\/06\/kamchatka_scenery_003.jpg 1024w, http:\/\/skiinginkamchatka.com\/wp-content\/uploads\/2015\/06\/kamchatka_scenery_003-300x200.jpg 300w, http:\/\/skiinginkamchatka.com\/wp-content\/uploads\/2015\/06\/kamchatka_scenery_003-272x182.jpg 272w\" sizes=\"(max-width: 1024px) 100vw, 1024px\" alt=\"\" \t\tclass=\"so-widget-image\"\/>\n<\/div>\n\n<\/div><\/div><\/div><\/div><\/div>","protected":false},"excerpt":{"rendered":"<p>Wenn Du Deinen Blick Richtung Osten von Russland richtest, wird Dir sicherlich eine gro\u00dfe Halbinsel auffallen, dem Aussehen nach einem Fisch sehr \u00e4hnlich. Und in der Tat ist Kamtschatka einer der weltgr\u00f6\u00dften Laichpl\u00e4tze f\u00fcr den Pazifischen Wildlachs. Die Gew\u00e4sser rund &hellip; <a class=\"kt-excerpt-readmore\" href=\"http:\/\/skiinginkamchatka.com\/de\/kamchatka\/welcome-to-kamchatka\/\" aria-label=\"Willkommen in Kamtschatka\">Weiterlesen<\/a><\/p>\n","protected":false},"author":2,"featured_media":0,"parent":6756,"menu_order":0,"comment_status":"open","ping_status":"closed","template":"page-fullwidth.php","meta":[],"tags":[],"_links":{"self":[{"href":"http:\/\/skiinginkamchatka.com\/de\/wp-json\/wp\/v2\/pages\/6775"}],"collection":[{"href":"http:\/\/skiinginkamchatka.com\/de\/wp-json\/wp\/v2\/pages"}],"about":[{"href":"http:\/\/skiinginkamchatka.com\/de\/wp-json\/wp\/v2\/types\/page"}],"author":[{"embeddable":true,"href":"http:\/\/skiinginkamchatka.com\/de\/wp-json\/wp\/v2\/users\/2"}],"replies":[{"embeddable":true,"href":"http:\/\/skiinginkamchatka.com\/de\/wp-json\/wp\/v2\/comments?post=6775"}],"version-history":[{"count":7,"href":"http:\/\/skiinginkamchatka.com\/de\/wp-json\/wp\/v2\/pages\/6775\/revisions"}],"predecessor-version":[{"id":6964,"href":"http:\/\/skiinginkamchatka.com\/de\/wp-json\/wp\/v2\/pages\/6775\/revisions\/6964"}],"up":[{"embeddable":true,"href":"http:\/\/skiinginkamchatka.com\/de\/wp-json\/wp\/v2\/pages\/6756"}],"wp:attachment":[{"href":"http:\/\/skiinginkamchatka.com\/de\/wp-json\/wp\/v2\/media?parent=6775"}],"wp:term":[{"taxonomy":"post_tag","embeddable":true,"href":"http:\/\/skiinginkamchatka.com\/de\/wp-json\/wp\/v2\/tags?post=6775"}],"curies":[{"name":"wp","href":"https:\/\/api.w.org\/{rel}","templated":true}]}}