{"id":6780,"date":"2020-05-19T14:16:30","date_gmt":"2020-05-19T13:16:30","guid":{"rendered":"http:\/\/skiinginkamchatka.com\/?page_id=6780"},"modified":"2020-09-08T16:38:08","modified_gmt":"2020-09-08T15:38:08","slug":"more_destinations","status":"publish","type":"page","link":"http:\/\/skiinginkamchatka.com\/de\/more_destinations\/","title":{"rendered":"Weitere Ziele"},"content":{"rendered":"<div id=\"pl-6780\"  class=\"panel-layout\" ><div id=\"pg-6780-0\"  class=\"panel-grid panel-no-style\" ><div id=\"pgc-6780-0-0\"  class=\"panel-grid-cell\" ><div id=\"panel-6780-0-0-0\" class=\"so-panel widget widget_black-studio-tinymce widget_black_studio_tinymce panel-first-child panel-last-child\" data-index=\"0\" ><div class=\"textwidget\"><p>Skiing in Kamchatka\/Skiing in Russia operiert in Sibirien und der Kamtschatka Halbinsel. Nach vielen Jahren mit Heliski, Skitouren und Skibergsteigen in ganz Russland haben wir diese Kerngebiete ausgew\u00e4hlt, da sie den besten Schnee und das beste Terrain mit einer gro\u00dfartigen kulturellen Erfahrung verbinden. Jeder Platz, den wir mit Euch teilen m\u00f6chten, ist einzigartig; jeder Ort hat sein ganz speziellen Charaktereigenschaften. Das einzige, was sie alle gemeinsam haben, ist, dass sie ein unglaublicher Platz zum Skifahren sind. Falls Ihr jedoch auf der Suche nach einem individuell angepassten Skitrip in einen Teil Russlands seid, den wir nicht erw\u00e4hnt haben, w\u00fcrden wir uns trotzdem freuen, diesen f\u00fcr Euch in der gleichen Qualit\u00e4t und Sicherheit wie unsere anderen Reisen zu organisieren.<br \/>\nUnsere Skisaison startet Mitte November und l\u00e4uft durchg\u00e4ngig bis Mitte Juni. Dieses lange Zeitfenster sollte jedem erm\u00f6glichen, eine passende Zeit f\u00fcr das Skifahren in Russland zu finden.<\/p>\n<\/div><\/div><\/div><\/div><div id=\"pg-6780-1\"  class=\"panel-grid panel-no-style\" ><div id=\"pgc-6780-1-0\"  class=\"panel-grid-cell\" ><div id=\"panel-6780-1-0-0\" class=\"so-panel widget widget_black-studio-tinymce widget_black_studio_tinymce panel-first-child panel-last-child\" data-index=\"1\" ><div class=\"textwidget\"><h3><a href=\"http:\/\/skiinginsiberia.com\/de\/\">Sibirien<\/a><\/h3>\n<p>Sibirien ist das Herz von Russland, ein riesiges Territorium mit tausenden Kilometern von Bergketten. Arktische Luftmassen bringen fr\u00fche und heftige Schneef\u00e4lle, die bereits ab November Skifahren bei perfekten Bedingungen und bestem Pulverschnee garantieren. Wir holen das Optimum aus diesen massiven Schneef\u00e4llen - einen unglaublich fr\u00fchen Start in die Skisaison bei unterschiedlichstem Terrain. Und zur Kr\u00f6nung: w\u00e4hrend Du selbst in den meisten anderen, popul\u00e4ren Backcountry Regionen hin und wieder einige wenige Skifahrer oder Snowboarder triffst, ist es hier wahrscheinlicher, dass Du v\u00f6llig alleine unterwegs bist.<\/p>\n<p>Wir laden Dich in diese Terra inkognito ein: erkunde die abgelegensten Ecken des Landes, mache unvergessliche kulturelle und gastronomische Erfahrungen und treffe die \u00e4u\u00dferst gastfreundlichen Bewohner SibiriensWebseite.<\/p>\n<p><a href=\"http:\/\/skiinginsiberia.com\/de\/\" target=\"_blank\" rel=\"noopener\">Webseite Skiing in Siberia<\/a><\/p>\n<\/div><\/div><\/div><\/div><div id=\"pg-6780-2\"  class=\"panel-grid panel-no-style\" ><div id=\"pgc-6780-2-0\"  class=\"panel-grid-cell\" ><div id=\"panel-6780-2-0-0\" class=\"so-panel widget widget_sow-image panel-first-child panel-last-child\" data-index=\"2\" ><div class=\"so-widget-sow-image so-widget-sow-image-default-d6014b76747a\">\n\n<div class=\"sow-image-container\">\n\t<img src=\"http:\/\/skiinginkamchatka.com\/wp-content\/uploads\/2015\/03\/dest_siberia_sheregesh_016.jpg\" width=\"533\" height=\"400\" srcset=\"http:\/\/skiinginkamchatka.com\/wp-content\/uploads\/2015\/03\/dest_siberia_sheregesh_016.jpg 533w, http:\/\/skiinginkamchatka.com\/wp-content\/uploads\/2015\/03\/dest_siberia_sheregesh_016-300x225.jpg 300w\" sizes=\"(max-width: 533px) 100vw, 533px\" alt=\"\" \t\tclass=\"so-widget-image\"\/>\n<\/div>\n\n<\/div><\/div><\/div><div id=\"pgc-6780-2-1\"  class=\"panel-grid-cell\" ><div id=\"panel-6780-2-1-0\" class=\"so-panel widget widget_sow-image panel-first-child panel-last-child\" data-index=\"3\" ><div class=\"so-widget-sow-image so-widget-sow-image-default-d6014b76747a\">\n\n<div class=\"sow-image-container\">\n\t<img src=\"http:\/\/skiinginkamchatka.com\/wp-content\/uploads\/2015\/03\/dest_siberia_sheregesh_003.jpg\" width=\"533\" height=\"400\" srcset=\"http:\/\/skiinginkamchatka.com\/wp-content\/uploads\/2015\/03\/dest_siberia_sheregesh_003.jpg 533w, http:\/\/skiinginkamchatka.com\/wp-content\/uploads\/2015\/03\/dest_siberia_sheregesh_003-300x225.jpg 300w\" sizes=\"(max-width: 533px) 100vw, 533px\" alt=\"\" \t\tclass=\"so-widget-image\"\/>\n<\/div>\n\n<\/div><\/div><\/div><div id=\"pgc-6780-2-2\"  class=\"panel-grid-cell\" ><div id=\"panel-6780-2-2-0\" class=\"so-panel widget widget_sow-image panel-first-child panel-last-child\" data-index=\"4\" ><div class=\"so-widget-sow-image so-widget-sow-image-default-d6014b76747a\">\n\n<div class=\"sow-image-container\">\n\t<img src=\"http:\/\/skiinginkamchatka.com\/wp-content\/uploads\/2015\/03\/dest_siberia_luzhba_010.jpg\" width=\"533\" height=\"400\" srcset=\"http:\/\/skiinginkamchatka.com\/wp-content\/uploads\/2015\/03\/dest_siberia_luzhba_010.jpg 533w, http:\/\/skiinginkamchatka.com\/wp-content\/uploads\/2015\/03\/dest_siberia_luzhba_010-300x225.jpg 300w\" sizes=\"(max-width: 533px) 100vw, 533px\" alt=\"\" \t\tclass=\"so-widget-image\"\/>\n<\/div>\n\n<\/div><\/div><\/div><\/div><div id=\"pg-6780-3\"  class=\"panel-grid panel-no-style\" ><div id=\"pgc-6780-3-0\"  class=\"panel-grid-cell\" ><div id=\"panel-6780-3-0-0\" class=\"so-panel widget widget_black-studio-tinymce widget_black_studio_tinymce panel-first-child panel-last-child\" data-index=\"5\" ><div class=\"textwidget\"><hr \/>\n<h2><a href=\"http:\/\/climbtoski.com\/\" target=\"_blank\" rel=\"noopener\">Weltweite Touren<\/a><\/h2>\n<p>Au\u00dfer bei Bergf\u00fchrungen in Sibirien und Kamtschatka ist unser Gr\u00fcnder und leitender Bergf\u00fchrer Grigory Mintsev auch bei Skitouren und Heliski-Programme in vielen anderen aufregenden Orten der Welt unterwegs. Er arbeitet in Japan, Indien, Argentinien, Chile, Antarktika, Swanetien (Georgien), Kanada und Marokko um nur einige zu nennen. Im Sommer bietet er individuelle Trekking Touren in die Wildnis der Halbinsel Kamtschatka an. Um mehr Informationen zu erhalten, schaue auf seiner pers\u00f6nlichen Webseite vorbei - <a href=\"http:\/\/climbtoski.com\/\" target=\"_blank\" rel=\"noopener\">Climb to Ski<\/a>.<\/p>\n<\/div><\/div><\/div><\/div><div id=\"pg-6780-4\"  class=\"panel-grid panel-no-style\" ><div id=\"pgc-6780-4-0\"  class=\"panel-grid-cell\" ><div id=\"panel-6780-4-0-0\" class=\"so-panel widget widget_sow-image panel-first-child panel-last-child\" data-index=\"6\" ><div class=\"so-widget-sow-image so-widget-sow-image-default-d6014b76747a\">\n\n<div class=\"sow-image-container\">\n\t<img src=\"http:\/\/skiinginkamchatka.com\/wp-content\/uploads\/2015\/03\/destinations_more_destinations_03-Edit.jpg\" width=\"533\" height=\"400\" srcset=\"http:\/\/skiinginkamchatka.com\/wp-content\/uploads\/2015\/03\/destinations_more_destinations_03-Edit.jpg 533w, http:\/\/skiinginkamchatka.com\/wp-content\/uploads\/2015\/03\/destinations_more_destinations_03-Edit-300x225.jpg 300w\" sizes=\"(max-width: 533px) 100vw, 533px\" alt=\"\" \t\tclass=\"so-widget-image\"\/>\n<\/div>\n\n<\/div><\/div><\/div><div id=\"pgc-6780-4-1\"  class=\"panel-grid-cell\" ><div id=\"panel-6780-4-1-0\" class=\"so-panel widget widget_sow-image panel-first-child panel-last-child\" data-index=\"7\" ><div class=\"so-widget-sow-image so-widget-sow-image-default-d6014b76747a\">\n\n<div class=\"sow-image-container\">\n\t<img src=\"http:\/\/skiinginkamchatka.com\/wp-content\/uploads\/2015\/03\/destinations_more_destinations_02.jpg\" width=\"533\" height=\"400\" srcset=\"http:\/\/skiinginkamchatka.com\/wp-content\/uploads\/2015\/03\/destinations_more_destinations_02.jpg 533w, http:\/\/skiinginkamchatka.com\/wp-content\/uploads\/2015\/03\/destinations_more_destinations_02-300x225.jpg 300w\" sizes=\"(max-width: 533px) 100vw, 533px\" alt=\"\" \t\tclass=\"so-widget-image\"\/>\n<\/div>\n\n<\/div><\/div><\/div><div id=\"pgc-6780-4-2\"  class=\"panel-grid-cell\" ><div id=\"panel-6780-4-2-0\" class=\"so-panel widget widget_sow-image panel-first-child panel-last-child\" data-index=\"8\" ><div class=\"so-widget-sow-image so-widget-sow-image-default-d6014b76747a\">\n\n<div class=\"sow-image-container\">\n\t<img src=\"http:\/\/skiinginkamchatka.com\/wp-content\/uploads\/2015\/03\/destinations_more_destinations_01-Edit.jpg\" width=\"533\" height=\"400\" srcset=\"http:\/\/skiinginkamchatka.com\/wp-content\/uploads\/2015\/03\/destinations_more_destinations_01-Edit.jpg 533w, http:\/\/skiinginkamchatka.com\/wp-content\/uploads\/2015\/03\/destinations_more_destinations_01-Edit-300x225.jpg 300w\" sizes=\"(max-width: 533px) 100vw, 533px\" title=\"SONY DSC\" alt=\"\" \t\tclass=\"so-widget-image\"\/>\n<\/div>\n\n<\/div><\/div><\/div><\/div><div id=\"pg-6780-5\"  class=\"panel-grid panel-no-style\" ><div id=\"pgc-6780-5-0\"  class=\"panel-grid-cell\" ><div id=\"panel-6780-5-0-0\" class=\"so-panel widget widget_black-studio-tinymce widget_black_studio_tinymce panel-first-child panel-last-child\" data-index=\"9\" ><div class=\"textwidget\"><hr \/>\n<h2>Weitere Angebote neben unseren Skiprogrammen:<\/h2>\n<h5>Unterst\u00fctzung von Film- und Fotoproduktionen<\/h5>\n<p>Services f\u00fcr Logistik, F\u00fchrungen und \u00dcbersetzungen von Outdoor Film- oder Fotoproduktionen in Russland. Mit der Hilfe unserer professionellen Kontakte \u00fcberall in Russland und unserem Wissen \u00fcber die geographischen und kulturellen Eigenschaften des Landes k\u00f6nnen wir Filmaufnahmen in jedem Teil Russlands organisieren. Dadurch wird die Qualit\u00e4t und Sicherheit der Produktion sichergestellt. Wir k\u00f6nnen auch unterst\u00fctzen bei: Projektplanung, Budget Kalkulation, Vor-Ort Koordination, F\u00fchrungen, \u00dcbersetzungen und weiterer notwendiger Unterst\u00fctzung von Filmproduktionen und Expeditionen.<\/p>\n<h5>Organisation von Outdoor und Ski Events<\/h5>\n<p>Management und F\u00fchrungen von Outdoor Events, Freeride oder Skibergsteiger Wettk\u00e4mpfe. Bereits f\u00fcr mehrere Jahre hat unser Team zusammen sowohl mit Russischen Freeride als auch mit mehreren internationalen Wettk\u00e4mpfen im Kaukasus und in Sibirien gearbeitet (inklusive der Freeride Welttournee). Wir haben alles notwendiges Wissen und alle F\u00e4higkeiten, solch ein Event zu organisieren.<\/p>\n<h5>Berg- und Lawinensicherheit<\/h5>\n<p>Wir bieten Programme zur Berg- und Lawinensicherheit: Vorab-Planung, Durchf\u00fchrung und \u00dcberwachung aller Aktivit\u00e4ten in den Bergen Russlands. Wir arbeiten mit dem kanadischen Lawinenverband (Canadian Avalanche Association) und den kanadischen Bergf\u00fchrern (Canadian Mountain Guides) an all diesen Projekten zusammen.<\/p>\n<\/div><\/div><\/div><\/div><div id=\"pg-6780-6\"  class=\"panel-grid panel-no-style\" ><div id=\"pgc-6780-6-0\"  class=\"panel-grid-cell\" ><div id=\"panel-6780-6-0-0\" class=\"so-panel widget widget_sow-image panel-first-child panel-last-child\" data-index=\"10\" ><div class=\"so-widget-sow-image so-widget-sow-image-default-d6014b76747a\">\n\n<div class=\"sow-image-container\">\n\t<img src=\"http:\/\/skiinginkamchatka.com\/wp-content\/uploads\/2015\/03\/destinations_filming-Edit.jpg\" width=\"533\" height=\"400\" srcset=\"http:\/\/skiinginkamchatka.com\/wp-content\/uploads\/2015\/03\/destinations_filming-Edit.jpg 533w, http:\/\/skiinginkamchatka.com\/wp-content\/uploads\/2015\/03\/destinations_filming-Edit-300x225.jpg 300w\" sizes=\"(max-width: 533px) 100vw, 533px\" alt=\"\" \t\tclass=\"so-widget-image\"\/>\n<\/div>\n\n<\/div><\/div><\/div><div id=\"pgc-6780-6-1\"  class=\"panel-grid-cell\" ><div id=\"panel-6780-6-1-0\" class=\"so-panel widget widget_sow-image panel-first-child panel-last-child\" data-index=\"11\" ><div class=\"so-widget-sow-image so-widget-sow-image-default-4b231843ec72\">\n\n<div class=\"sow-image-container\">\n\t<img src=\"http:\/\/skiinginkamchatka.com\/wp-content\/uploads\/2015\/03\/destinations_events-Edit.jpg\" width=\"533\" height=\"400\" srcset=\"http:\/\/skiinginkamchatka.com\/wp-content\/uploads\/2015\/03\/destinations_events-Edit.jpg 533w, http:\/\/skiinginkamchatka.com\/wp-content\/uploads\/2015\/03\/destinations_events-Edit-300x225.jpg 300w\" sizes=\"(max-width: 533px) 100vw, 533px\" alt=\"\" \t\tclass=\"so-widget-image\"\/>\n<\/div>\n\n<\/div><\/div><\/div><div id=\"pgc-6780-6-2\"  class=\"panel-grid-cell\" ><div id=\"panel-6780-6-2-0\" class=\"so-panel widget widget_sow-image panel-first-child panel-last-child\" data-index=\"12\" ><div class=\"so-widget-sow-image so-widget-sow-image-default-4b231843ec72\">\n\n<div class=\"sow-image-container\">\n\t<img src=\"http:\/\/skiinginkamchatka.com\/wp-content\/uploads\/2015\/03\/destinations_mountain_avalanche_safety.jpg\" width=\"533\" height=\"400\" srcset=\"http:\/\/skiinginkamchatka.com\/wp-content\/uploads\/2015\/03\/destinations_mountain_avalanche_safety.jpg 533w, http:\/\/skiinginkamchatka.com\/wp-content\/uploads\/2015\/03\/destinations_mountain_avalanche_safety-300x225.jpg 300w\" sizes=\"(max-width: 533px) 100vw, 533px\" alt=\"\" \t\tclass=\"so-widget-image\"\/>\n<\/div>\n\n<\/div><\/div><\/div><\/div><\/div>","protected":false},"excerpt":{"rendered":"<p>Skiing in Kamchatka\/Skiing in Russia operiert in Sibirien und der Kamtschatka Halbinsel. Nach vielen Jahren mit Heliski, Skitouren und Skibergsteigen in ganz Russland haben wir diese Kerngebiete ausgew\u00e4hlt, da sie den besten Schnee und das beste Terrain mit einer gro\u00dfartigen &hellip; <a class=\"kt-excerpt-readmore\" href=\"http:\/\/skiinginkamchatka.com\/de\/more_destinations\/\" aria-label=\"Weitere Ziele\">Weiterlesen<\/a><\/p>\n","protected":false},"author":2,"featured_media":0,"parent":0,"menu_order":0,"comment_status":"closed","ping_status":"closed","template":"page-fullwidth.php","meta":[],"tags":[],"_links":{"self":[{"href":"http:\/\/skiinginkamchatka.com\/de\/wp-json\/wp\/v2\/pages\/6780"}],"collection":[{"href":"http:\/\/skiinginkamchatka.com\/de\/wp-json\/wp\/v2\/pages"}],"about":[{"href":"http:\/\/skiinginkamchatka.com\/de\/wp-json\/wp\/v2\/types\/page"}],"author":[{"embeddable":true,"href":"http:\/\/skiinginkamchatka.com\/de\/wp-json\/wp\/v2\/users\/2"}],"replies":[{"embeddable":true,"href":"http:\/\/skiinginkamchatka.com\/de\/wp-json\/wp\/v2\/comments?post=6780"}],"version-history":[{"count":8,"href":"http:\/\/skiinginkamchatka.com\/de\/wp-json\/wp\/v2\/pages\/6780\/revisions"}],"predecessor-version":[{"id":8041,"href":"http:\/\/skiinginkamchatka.com\/de\/wp-json\/wp\/v2\/pages\/6780\/revisions\/8041"}],"wp:attachment":[{"href":"http:\/\/skiinginkamchatka.com\/de\/wp-json\/wp\/v2\/media?parent=6780"}],"wp:term":[{"taxonomy":"post_tag","embeddable":true,"href":"http:\/\/skiinginkamchatka.com\/de\/wp-json\/wp\/v2\/tags?post=6780"}],"curies":[{"name":"wp","href":"https:\/\/api.w.org\/{rel}","templated":true}]}}